{"id":2,"date":"2025-12-25T16:52:31","date_gmt":"2025-12-25T13:52:31","guid":{"rendered":"https:\/\/mysoftworlds.com\/web4\/?page_id=2"},"modified":"2026-03-15T08:27:17","modified_gmt":"2026-03-15T05:27:17","slug":"anasayfa","status":"publish","type":"page","link":"https:\/\/ceylanotolastikyolyardim.com.tr\/","title":{"rendered":"Anasayfa"},"content":{"rendered":"\n\n  <div class=\"banner has-hover\" id=\"banner-1196618267\">\n          <div class=\"banner-inner fill\">\n        <div class=\"banner-bg fill\" >\n            <div class=\"bg fill bg-fill \"><\/div>\n                                    \n                    <\/div>\n\t\t\n        <div class=\"banner-layers container\">\n            <div class=\"fill banner-link\"><\/div>            \n\n   <div id=\"text-box-1260603789\" class=\"text-box banner-layer x50 md-x50 lg-x15 y100 md-y100 lg-y75 res-text\">\n                                <div class=\"text-box-content text dark\">\n              \n              <div class=\"text-inner text-center\">\n                  \n\n\t<div id=\"text-2373248064\" class=\"text\">\n\t\t\n\n<h3 class=\"uppercase\"><span data-text-bg=\"alert\"><strong>Ceylan oto lastik yol\u00a0 yard\u0131m<\/strong><\/span><\/h3>\n<h5><span data-text-bg=\"alert\">H\u0131zl\u0131 ve g\u00fcvenli 7 \/ 24 saat hizmetinizdeyiz.<\/span><\/h5>\n\t\t\n<style>\n#text-2373248064 {\n  font-size: 0.85rem;\n  color: rgb(255,255,255);\n}\n#text-2373248064 > * {\n  color: rgb(255,255,255);\n}\n@media (min-width:550px) {\n  #text-2373248064 {\n    font-size: 1.8rem;\n  }\n}\n<\/style>\n\t<\/div>\n\t\n\n              <\/div>\n           <\/div>\n                            \n<style>\n#text-box-1260603789 .text-box-content {\n  background-color: rgba(0, 0, 0, 0);\n  font-size: 100%;\n}\n#text-box-1260603789 {\n  width: 100%;\n}\n@media (min-width:550px) {\n  #text-box-1260603789 {\n    width: 100%;\n  }\n}\n@media (min-width:850px) {\n  #text-box-1260603789 {\n    width: 60%;\n  }\n}\n<\/style>\n    <\/div>\n \n\n        <\/div>\n      <\/div>\n\n            \n<style>\n#banner-1196618267 {\n  padding-top: 194px;\n}\n#banner-1196618267 .bg.bg-loaded {\n  background-image: url(https:\/\/ceylanotolastikyolyardim.com.tr\/wp-content\/uploads\/2025\/12\/Ceylan-oto-lastik-yol-yol-yardim1-2-1024x683.png);\n}\n@media (min-width:550px) {\n  #banner-1196618267 {\n    padding-top: 444px;\n  }\n}\n@media (min-width:850px) {\n  #banner-1196618267 {\n    padding-top: 500px;\n  }\n}\n<\/style>\n  <\/div>\n\n\n\t<div id=\"gap-2030793019\" class=\"gap-element clearfix\" style=\"display:block; height:auto;\">\n\t\t\n<style>\n#gap-2030793019 {\n  padding-top: 30px;\n}\n<\/style>\n\t<\/div>\n\t\n\n<span class=\"scroll-to\" data-label=\"Scroll to: #hakk\u0131m\u0131z\" data-bullet=\"false\" data-link=\"#hakk\u0131m\u0131z\" data-title=\"Change this\" ><a name=\"hakk\u0131m\u0131z\"><\/a><\/span>\n\n<div class=\"row\"  id=\"row-662274720\">\n\n\n\t<div id=\"col-1854905491\" class=\"col medium-6 small-12 large-6\"  >\n\t\t\t\t<div class=\"col-inner\"  >\n\t\t\t\n\t\t\t\n\n<div class=\"row\"  id=\"row-529257893\">\n\n\n\t<div id=\"col-1741770844\" class=\"col medium-6 small-6 large-6\"  >\n\t\t\t\t<div class=\"col-inner\" style=\"background-color:rgb(255, 0, 0);\" >\n\t\t\t\n\t\t\t\n\n\n\t<a class=\"plain\" href=\"tel:+905054958502\" >\t<div class=\"icon-box featured-box icon-box-center text-center\"  >\n\t\t\t\t\t<div class=\"icon-box-img\" style=\"width: 31px\">\n\t\t\t\t<div class=\"icon\">\n\t\t\t\t\t<div class=\"icon-inner\" >\n\t\t\t\t\t\t<img loading=\"lazy\" decoding=\"async\" width=\"300\" height=\"300\" src=\"https:\/\/ceylanotolastikyolyardim.com.tr\/wp-content\/uploads\/2026\/03\/CALL-300x300.png\" class=\"attachment-medium size-medium\" alt=\"\" srcset=\"https:\/\/ceylanotolastikyolyardim.com.tr\/wp-content\/uploads\/2026\/03\/CALL-300x300.png 300w, https:\/\/ceylanotolastikyolyardim.com.tr\/wp-content\/uploads\/2026\/03\/CALL-150x150.png 150w, https:\/\/ceylanotolastikyolyardim.com.tr\/wp-content\/uploads\/2026\/03\/CALL-768x768.png 768w, https:\/\/ceylanotolastikyolyardim.com.tr\/wp-content\/uploads\/2026\/03\/CALL.png 827w\" sizes=\"auto, (max-width: 300px) 100vw, 300px\" \/>\t\t\t\t\t<\/div>\n\t\t\t\t<\/div>\n\t\t\t<\/div>\n\t\t\t\t<div class=\"icon-box-text last-reset\">\n\t\t\t\t\t\t\t\t\t\n\n\t<div id=\"text-2929313665\" class=\"text\">\n\t\t\n\n<p><strong>AC\u0130L 7 24 YOL YARDIM<\/strong><\/p>\n\t\t\n<style>\n#text-2929313665 {\n  color: rgb(255,255,255);\n}\n#text-2929313665 > * {\n  color: rgb(255,255,255);\n}\n<\/style>\n\t<\/div>\n\t\n\n\t\t<\/div>\n\t<\/div>\n\t<\/a>\n\t\n\n\t\t<\/div>\n\t\t\t\t\n<style>\n#col-1741770844 > .col-inner {\n  border-radius: 16px;\n}\n<\/style>\n\t<\/div>\n\n\t\n\n\t<div id=\"col-1853965182\" class=\"col medium-6 small-6 large-6\"  >\n\t\t\t\t<div class=\"col-inner\" style=\"background-color:rgb(255, 0, 0);\" >\n\t\t\t\n\t\t\t\n\n\n\t<a class=\"plain\" href=\"tel:+905054958502\" >\t<div class=\"icon-box featured-box icon-box-center text-center\"  >\n\t\t\t\t\t<div class=\"icon-box-img\" style=\"width: 31px\">\n\t\t\t\t<div class=\"icon\">\n\t\t\t\t\t<div class=\"icon-inner\" >\n\t\t\t\t\t\t<img loading=\"lazy\" decoding=\"async\" width=\"300\" height=\"300\" src=\"https:\/\/ceylanotolastikyolyardim.com.tr\/wp-content\/uploads\/2026\/03\/CALL-300x300.png\" class=\"attachment-medium size-medium\" alt=\"\" srcset=\"https:\/\/ceylanotolastikyolyardim.com.tr\/wp-content\/uploads\/2026\/03\/CALL-300x300.png 300w, https:\/\/ceylanotolastikyolyardim.com.tr\/wp-content\/uploads\/2026\/03\/CALL-150x150.png 150w, https:\/\/ceylanotolastikyolyardim.com.tr\/wp-content\/uploads\/2026\/03\/CALL-768x768.png 768w, https:\/\/ceylanotolastikyolyardim.com.tr\/wp-content\/uploads\/2026\/03\/CALL.png 827w\" sizes=\"auto, (max-width: 300px) 100vw, 300px\" \/>\t\t\t\t\t<\/div>\n\t\t\t\t<\/div>\n\t\t\t<\/div>\n\t\t\t\t<div class=\"icon-box-text last-reset\">\n\t\t\t\t\t\t\t\t\t\n\n\t<div id=\"text-3800939666\" class=\"text\">\n\t\t\n\n<p><strong>AC\u0130L 7 24 OTO LAST\u0130K<\/strong><\/p>\n\t\t\n<style>\n#text-3800939666 {\n  color: rgb(255,255,255);\n}\n#text-3800939666 > * {\n  color: rgb(255,255,255);\n}\n<\/style>\n\t<\/div>\n\t\n\n\t\t<\/div>\n\t<\/div>\n\t<\/a>\n\t\n\n\t\t<\/div>\n\t\t\t\t\n<style>\n#col-1853965182 > .col-inner {\n  border-radius: 16px;\n}\n<\/style>\n\t<\/div>\n\n\t\n\n<\/div>\n\t<div id=\"text-3325754684\" class=\"text\">\n\t\t\n\n<p data-start=\"106\" data-end=\"411\"><strong>Ceylan Oto Lastik Yol Yard\u0131m<\/strong>, yolda kar\u015f\u0131la\u015fabilece\u011finiz lastik ar\u0131zalar\u0131 ve acil durumlar i\u00e7in h\u0131zl\u0131, g\u00fcvenilir ve profesyonel \u00e7\u00f6z\u00fcmler sunmak amac\u0131yla kurulmu\u015ftur. Tecr\u00fcbeli ekibimiz ve donan\u0131ml\u0131 mobil servis ara\u00e7lar\u0131m\u0131zla, ara\u00e7 sahiplerinin ma\u011fduriyet ya\u015famadan yollar\u0131na devam edebilmesini sa\u011fl\u0131yoruz.<\/p>\n<p data-start=\"413\" data-end=\"699\">Lastik tamiri, patlak lastik m\u00fcdahalesi, lastik de\u011fi\u015fimi ve acil yol yard\u0131m hizmetlerimizi 7\/24 kesintisiz olarak sunuyoruz. Bulundu\u011funuz konuma en k\u0131sa s\u00fcrede ula\u015farak, sorunu yerinde ve g\u00fcvenli \u015fekilde \u00e7\u00f6z\u00fcyoruz. Hizmet anlay\u0131\u015f\u0131m\u0131zda h\u0131z, kalite ve m\u00fc\u015fteri memnuniyeti \u00f6nceli\u011fimizdir.<\/p>\n<p data-start=\"701\" data-end=\"967\">Ceylan Oto Lastik Yol Yard\u0131m olarak d\u00fcr\u00fcstl\u00fck, uygun fiyat ve g\u00fcvenilir hizmet prensipleriyle \u00e7al\u0131\u015f\u0131yor; bireysel ve kurumsal m\u00fc\u015fterilerimize her zaman \u00e7\u00f6z\u00fcm odakl\u0131 destek sa\u011fl\u0131yoruz. Yolda kald\u0131\u011f\u0131n\u0131z her an, g\u00fcvenle arayabilece\u011finiz profesyonel bir yol arkada\u015f\u0131y\u0131z.<\/p>\n\t\t\n<style>\n#text-3325754684 {\n  color: rgb(0,0,0);\n}\n#text-3325754684 > * {\n  color: rgb(0,0,0);\n}\n<\/style>\n\t<\/div>\n\t\n\n\t\t<\/div>\n\t\t\t\t\t<\/div>\n\n\t\n\n\t<div id=\"col-896115185\" class=\"col medium-6 small-12 large-6\"  >\n\t\t\t\t<div class=\"col-inner\"  >\n\t\t\t\n\t\t\t\n\n\n  <div class=\"banner has-hover\" id=\"banner-1486338556\">\n          <div class=\"banner-inner fill\">\n        <div class=\"banner-bg fill\" >\n            <div class=\"bg fill bg-fill \"><\/div>\n                                    \n                    <\/div>\n\t\t\n        <div class=\"banner-layers container\">\n            <div class=\"fill banner-link\"><\/div>            \n\n   <div id=\"text-box-1293915129\" class=\"text-box banner-layer x50 md-x85 lg-x85 y90 md-y70 lg-y70 res-text\">\n                                <div class=\"text-box-content text dark\">\n              \n              <div class=\"text-inner text-center\">\n                  \n\n\t<div id=\"text-4070829494\" class=\"text\">\n\t\t\n\n<h3 class=\"uppercase\"><span data-text-bg=\"alert\"><strong>H\u0131zl\u0131 ve g\u00fcvenli 7 \/ 24 saat hizmetinizdeyiz.<\/strong><\/span><\/h3>\n\t\t\n<style>\n#text-4070829494 {\n  color: rgb(255,255,255);\n}\n#text-4070829494 > * {\n  color: rgb(255,255,255);\n}\n<\/style>\n\t<\/div>\n\t\n\n              <\/div>\n           <\/div>\n                            \n<style>\n#text-box-1293915129 .text-box-content {\n  background-color: rgba(0, 0, 0, 0);\n  font-size: 100%;\n}\n#text-box-1293915129 {\n  width: 100%;\n}\n@media (min-width:550px) {\n  #text-box-1293915129 {\n    width: 60%;\n  }\n}\n<\/style>\n    <\/div>\n \n\n        <\/div>\n      <\/div>\n\n            \n<style>\n#banner-1486338556 {\n  padding-top: 224px;\n}\n#banner-1486338556 .bg.bg-loaded {\n  background-image: url(https:\/\/ceylanotolastikyolyardim.com.tr\/wp-content\/uploads\/2025\/12\/Ceylan-oto-lastik-yol-yol-yardim1-.png);\n}\n@media (min-width:550px) {\n  #banner-1486338556 {\n    padding-top: 363px;\n  }\n}\n<\/style>\n  <\/div>\n\n\n\n\t\t<\/div>\n\t\t\t\t\t<\/div>\n\n\t\n\n<\/div>\n<span class=\"scroll-to\" data-label=\"Scroll to: #hizmet\" data-bullet=\"false\" data-link=\"#hizmet\" data-title=\"Change this\" ><a name=\"hizmet\"><\/a><\/span>\n\n<div class=\"row\"  id=\"row-103161704\">\n\n\n\t<div id=\"col-189628960\" class=\"col small-12 large-12\"  >\n\t\t\t\t<div class=\"col-inner\"  >\n\t\t\t\n\t\t\t\n\n\t<div id=\"text-956161284\" class=\"text\">\n\t\t\n\n<h2 style=\"text-align: center;\"><strong>Hizmetlerimiz<\/strong><\/h2>\n\t\t\n<style>\n#text-956161284 {\n  color: #b20000;\n}\n#text-956161284 > * {\n  color: #b20000;\n}\n<\/style>\n\t<\/div>\n\t\n\n\t\t<\/div>\n\t\t\t\t\t<\/div>\n\n\t\n\n<\/div>\n<div class=\"row\"  id=\"row-1052051311\">\n\n\n\t<div id=\"col-1245582013\" class=\"col medium-4 small-12 large-4\"  >\n\t\t\t\t<div class=\"col-inner\"  >\n\t\t\t\n\t\t\t\n\n\n  <div class=\"banner has-hover\" id=\"banner-1956754732\">\n          <div class=\"banner-inner fill\">\n        <div class=\"banner-bg fill\" >\n            <div class=\"bg fill bg-fill \"><\/div>\n                                    \n                    <\/div>\n\t\t\n        <div class=\"banner-layers container\">\n            <div class=\"fill banner-link\"><\/div>            \n\n   <div id=\"text-box-1049735805\" class=\"text-box banner-layer x50 md-x85 lg-x85 y90 md-y70 lg-y70 res-text\">\n                                <div class=\"text-box-content text dark\">\n              \n              <div class=\"text-inner text-center\">\n                  \n\n\t<div id=\"text-2300559608\" class=\"text\">\n\t\t\n\n<h3 class=\"uppercase\"><span data-text-bg=\"alert\"><strong>7)24 oto lastik yol Mobil yard\u0131m<\/strong><\/span><\/h3>\n\t\t\n<style>\n#text-2300559608 {\n  color: rgb(255,255,255);\n}\n#text-2300559608 > * {\n  color: rgb(255,255,255);\n}\n<\/style>\n\t<\/div>\n\t\n\n              <\/div>\n           <\/div>\n                            \n<style>\n#text-box-1049735805 .text-box-content {\n  background-color: rgba(0, 0, 0, 0);\n  font-size: 100%;\n}\n#text-box-1049735805 {\n  width: 100%;\n}\n@media (min-width:550px) {\n  #text-box-1049735805 {\n    width: 60%;\n  }\n}\n<\/style>\n    <\/div>\n \n\n        <\/div>\n      <\/div>\n\n            \n<style>\n#banner-1956754732 {\n  padding-top: 224px;\n}\n#banner-1956754732 .bg.bg-loaded {\n  background-image: url(https:\/\/ceylanotolastikyolyardim.com.tr\/wp-content\/uploads\/2025\/12\/Ceylan-oto-lastik-yol-yol-yardim1-2-1024x683.png);\n}\n@media (min-width:550px) {\n  #banner-1956754732 {\n    padding-top: 254px;\n  }\n}\n<\/style>\n  <\/div>\n\n\n\n\t\t<\/div>\n\t\t\t\t\t<\/div>\n\n\t\n\n\t<div id=\"col-261821630\" class=\"col medium-4 small-12 large-4\"  >\n\t\t\t\t<div class=\"col-inner\"  >\n\t\t\t\n\t\t\t\n\n\n  <div class=\"banner has-hover\" id=\"banner-845205684\">\n          <div class=\"banner-inner fill\">\n        <div class=\"banner-bg fill\" >\n            <div class=\"bg fill bg-fill \"><\/div>\n                                    \n                    <\/div>\n\t\t\n        <div class=\"banner-layers container\">\n            <div class=\"fill banner-link\"><\/div>            \n\n   <div id=\"text-box-408708053\" class=\"text-box banner-layer x50 md-x85 lg-x85 y90 md-y70 lg-y70 res-text\">\n                                <div class=\"text-box-content text dark\">\n              \n              <div class=\"text-inner text-center\">\n                  \n\n\t<div id=\"text-3119281507\" class=\"text\">\n\t\t\n\n<h3 class=\"uppercase\"><span data-text-bg=\"alert\"><strong>Yol yard\u0131m a\u011f\u0131r vas\u0131ta ve ticari grup<\/strong><\/span><\/h3>\n\t\t\n<style>\n#text-3119281507 {\n  color: rgb(255, 255, 255);\n}\n#text-3119281507 > * {\n  color: rgb(255, 255, 255);\n}\n<\/style>\n\t<\/div>\n\t\n\n              <\/div>\n           <\/div>\n                            \n<style>\n#text-box-408708053 .text-box-content {\n  background-color: rgba(0, 0, 0, 0);\n  font-size: 100%;\n}\n#text-box-408708053 {\n  width: 100%;\n}\n@media (min-width:550px) {\n  #text-box-408708053 {\n    width: 60%;\n  }\n}\n<\/style>\n    <\/div>\n \n\n        <\/div>\n      <\/div>\n\n            \n<style>\n#banner-845205684 {\n  padding-top: 224px;\n}\n#banner-845205684 .bg.bg-loaded {\n  background-image: url(https:\/\/ceylanotolastikyolyardim.com.tr\/wp-content\/uploads\/2025\/12\/Ceylan-oto-lastik-yol-yol-yardim1-.png);\n}\n@media (min-width:550px) {\n  #banner-845205684 {\n    padding-top: 254px;\n  }\n}\n<\/style>\n  <\/div>\n\n\n\n\t\t<\/div>\n\t\t\t\t\t<\/div>\n\n\t\n\n\t<div id=\"col-1346560793\" class=\"col medium-4 small-12 large-4\"  >\n\t\t\t\t<div class=\"col-inner\"  >\n\t\t\t\n\t\t\t\n\n\n  <div class=\"banner has-hover\" id=\"banner-1781204380\">\n          <div class=\"banner-inner fill\">\n        <div class=\"banner-bg fill\" >\n            <div class=\"bg fill bg-fill \"><\/div>\n                                    \n                    <\/div>\n\t\t\n        <div class=\"banner-layers container\">\n            <div class=\"fill banner-link\"><\/div>            \n\n   <div id=\"text-box-2031336290\" class=\"text-box banner-layer x50 md-x85 lg-x85 y90 md-y70 lg-y70 res-text\">\n                                <div class=\"text-box-content text dark\">\n              \n              <div class=\"text-inner text-center\">\n                  \n\n\t<div id=\"text-3810138379\" class=\"text\">\n\t\t\n\n<h3 class=\"uppercase\"><span data-text-bg=\"alert\"><strong>Mevsimlik lastik de\u011fi\u015fim ve balans<\/strong><\/span><\/h3>\n\t\t\n<style>\n#text-3810138379 {\n  color: rgb(255,255,255);\n}\n#text-3810138379 > * {\n  color: rgb(255,255,255);\n}\n<\/style>\n\t<\/div>\n\t\n\n              <\/div>\n           <\/div>\n                            \n<style>\n#text-box-2031336290 .text-box-content {\n  background-color: rgba(0, 0, 0, 0);\n  font-size: 100%;\n}\n#text-box-2031336290 {\n  width: 100%;\n}\n@media (min-width:550px) {\n  #text-box-2031336290 {\n    width: 60%;\n  }\n}\n<\/style>\n    <\/div>\n \n\n        <\/div>\n      <\/div>\n\n            \n<style>\n#banner-1781204380 {\n  padding-top: 224px;\n}\n#banner-1781204380 .bg.bg-loaded {\n  background-image: url(https:\/\/ceylanotolastikyolyardim.com.tr\/wp-content\/uploads\/2025\/12\/Ceylan-oto-lastik-yol-yol-yardim12.jpg);\n}\n#banner-1781204380 .bg {\n  background-position: 42% 67%;\n}\n@media (min-width:550px) {\n  #banner-1781204380 {\n    padding-top: 254px;\n  }\n}\n<\/style>\n  <\/div>\n\n\n\n\t\t<\/div>\n\t\t\t\t\t<\/div>\n\n\t\n\n<\/div>\n<span class=\"scroll-to\" data-label=\"Scroll to: #iletisim\" data-bullet=\"false\" data-link=\"#iletisim\" data-title=\"Change this\" ><a name=\"iletisim\"><\/a><\/span>\n\n<div class=\"row\"  id=\"row-829695561\">\n\n\n\t<div id=\"col-1990196873\" class=\"col small-12 large-12\"  >\n\t\t\t\t<div class=\"col-inner\"  >\n\t\t\t\n\t\t\t\n\n\t<div id=\"text-2434122551\" class=\"text\">\n\t\t\n\n<h2 style=\"text-align: center;\"><strong>\u0130leti\u015fim<\/strong><\/h2>\n\t\t\n<style>\n#text-2434122551 {\n  color: #b20000;\n}\n#text-2434122551 > * {\n  color: #b20000;\n}\n<\/style>\n\t<\/div>\n\t\n\n\t\t<\/div>\n\t\t\t\t\t<\/div>\n\n\t\n\n<\/div>\n<div class=\"row\"  id=\"row-949490846\">\n\n\n\t<div id=\"col-1534021009\" class=\"col medium-6 small-12 large-6\"  >\n\t\t\t\t<div class=\"col-inner\"  >\n\t\t\t\n\t\t\t\n\n\n\t\t<div class=\"icon-box featured-box icon-box-left text-left\"  >\n\t\t\t\t\t<div class=\"icon-box-img\" style=\"width: 60px\">\n\t\t\t\t<div class=\"icon\">\n\t\t\t\t\t<div class=\"icon-inner\" >\n\t\t\t\t\t\t<img loading=\"lazy\" decoding=\"async\" width=\"64\" height=\"64\" src=\"https:\/\/ceylanotolastikyolyardim.com.tr\/wp-content\/uploads\/2025\/12\/icons8-ringer-volume-64.png\" class=\"attachment-medium size-medium\" alt=\"\" \/>\t\t\t\t\t<\/div>\n\t\t\t\t<\/div>\n\t\t\t<\/div>\n\t\t\t\t<div class=\"icon-box-text last-reset\">\n\t\t\t\t\t\t\t\t\t\n\n\t<div id=\"text-1169674761\" class=\"text\">\n\t\t\n\n<h3>Telefon<\/h3>\n<p><a href=\"tel:+905054958502\" data-wplink-edit=\"true\">+90 505 495 85 02<\/a><\/p>\n\t\t\n<style>\n#text-1169674761 {\n  color: rgb(0,0,0);\n}\n#text-1169674761 > * {\n  color: rgb(0,0,0);\n}\n<\/style>\n\t<\/div>\n\t\n\n\t\t<\/div>\n\t<\/div>\n\t\n\t\n\n\t\t<div class=\"icon-box featured-box icon-box-left text-left\"  style=\"margin:40px 0px 0px 0px;\">\n\t\t\t\t\t<div class=\"icon-box-img\" style=\"width: 60px\">\n\t\t\t\t<div class=\"icon\">\n\t\t\t\t\t<div class=\"icon-inner\" >\n\t\t\t\t\t\t<img loading=\"lazy\" decoding=\"async\" width=\"64\" height=\"64\" src=\"https:\/\/ceylanotolastikyolyardim.com.tr\/wp-content\/uploads\/2025\/12\/icons8-mail-64.png\" class=\"attachment-medium size-medium\" alt=\"\" \/>\t\t\t\t\t<\/div>\n\t\t\t\t<\/div>\n\t\t\t<\/div>\n\t\t\t\t<div class=\"icon-box-text last-reset\">\n\t\t\t\t\t\t\t\t\t\n\n\t<div id=\"text-3186023987\" class=\"text\">\n\t\t\n\n<h3>E-posta<\/h3>\n<p>info@ceylanotolastikyolyardim.com.tr<\/p>\n\t\t\n<style>\n#text-3186023987 {\n  color: rgb(0,0,0);\n}\n#text-3186023987 > * {\n  color: rgb(0,0,0);\n}\n<\/style>\n\t<\/div>\n\t\n\n\t\t<\/div>\n\t<\/div>\n\t\n\t\n\n\t\t<div class=\"icon-box featured-box icon-box-left text-left\"  style=\"margin:40px 0px 0px 0px;\">\n\t\t\t\t\t<div class=\"icon-box-img\" style=\"width: 60px\">\n\t\t\t\t<div class=\"icon\">\n\t\t\t\t\t<div class=\"icon-inner\" >\n\t\t\t\t\t\t<img loading=\"lazy\" decoding=\"async\" width=\"64\" height=\"64\" src=\"https:\/\/ceylanotolastikyolyardim.com.tr\/wp-content\/uploads\/2025\/12\/icons8-region-64.png\" class=\"attachment-medium size-medium\" alt=\"\" \/>\t\t\t\t\t<\/div>\n\t\t\t\t<\/div>\n\t\t\t<\/div>\n\t\t\t\t<div class=\"icon-box-text last-reset\">\n\t\t\t\t\t\t\t\t\t\n\n\t<div id=\"text-1695693684\" class=\"text\">\n\t\t\n\n<h3><strong>Adres<\/strong><\/h3>\n<p><strong>Antalya yolu bulvar\u0131, Kum mahallesi, No:196 A\u011flasun \/Burdur<\/strong><\/p>\n\t\t\n<style>\n#text-1695693684 {\n  color: rgb(0,0,0);\n}\n#text-1695693684 > * {\n  color: rgb(0,0,0);\n}\n<\/style>\n\t<\/div>\n\t\n\n\t\t<\/div>\n\t<\/div>\n\t\n\t\n\n\t\t<\/div>\n\t\t\t\t\t<\/div>\n\n\t\n\n\t<div id=\"col-69290611\" class=\"col medium-6 small-12 large-6\"  >\n\t\t\t\t<div class=\"col-inner\"  >\n\t\t\t\n\t\t\t\n\n\n<div class=\"wpcf7 no-js\" id=\"wpcf7-f12-o1\" lang=\"tr-TR\" dir=\"ltr\" data-wpcf7-id=\"12\">\n<div class=\"screen-reader-response\"><p role=\"status\" aria-live=\"polite\" aria-atomic=\"true\"><\/p> <ul><\/ul><\/div>\n<form action=\"\/index.php\/wp-json\/wp\/v2\/pages\/2#wpcf7-f12-o1\" method=\"post\" class=\"wpcf7-form init\" aria-label=\"\u0130leti\u015fim Formu\" novalidate=\"novalidate\" data-status=\"init\">\n<fieldset class=\"hidden-fields-container\"><input type=\"hidden\" name=\"_wpcf7\" value=\"12\" \/><input type=\"hidden\" name=\"_wpcf7_version\" value=\"6.1.4\" \/><input type=\"hidden\" name=\"_wpcf7_locale\" value=\"tr_TR\" \/><input type=\"hidden\" name=\"_wpcf7_unit_tag\" value=\"wpcf7-f12-o1\" \/><input type=\"hidden\" name=\"_wpcf7_container_post\" value=\"0\" \/><input type=\"hidden\" name=\"_wpcf7_posted_data_hash\" value=\"\" \/>\n<\/fieldset>\n<p><span class=\"wpcf7-form-control-wrap\" data-name=\"your-name\"><input size=\"40\" maxlength=\"400\" class=\"wpcf7-form-control wpcf7-text wpcf7-validates-as-required\" autocomplete=\"name\" aria-required=\"true\" aria-invalid=\"false\" placeholder=\"Ad\u0131n\u0131z\" value=\"\" type=\"text\" name=\"your-name\" \/><\/span><br \/>\n<span class=\"wpcf7-form-control-wrap\" data-name=\"your-email\"><input size=\"40\" maxlength=\"400\" class=\"wpcf7-form-control wpcf7-email wpcf7-validates-as-required wpcf7-text wpcf7-validates-as-email\" autocomplete=\"email\" aria-required=\"true\" aria-invalid=\"false\" placeholder=\"E-posta adresiniz\" value=\"\" type=\"email\" name=\"your-email\" \/><\/span><br \/>\n<span class=\"wpcf7-form-control-wrap\" data-name=\"tel-700\"><input size=\"40\" maxlength=\"400\" class=\"wpcf7-form-control wpcf7-tel wpcf7-validates-as-required wpcf7-text wpcf7-validates-as-tel\" aria-required=\"true\" aria-invalid=\"false\" placeholder=\"Telefon numaran\u0131z\" value=\"\" type=\"tel\" name=\"tel-700\" \/><\/span><br \/>\n<span class=\"wpcf7-form-control-wrap\" data-name=\"your-subject\"><input size=\"40\" maxlength=\"400\" class=\"wpcf7-form-control wpcf7-text wpcf7-validates-as-required\" aria-required=\"true\" aria-invalid=\"false\" placeholder=\"Konu\" value=\"\" type=\"text\" name=\"your-subject\" \/><\/span><br \/>\n<span class=\"wpcf7-form-control-wrap\" data-name=\"your-message\"><textarea cols=\"40\" rows=\"10\" maxlength=\"2000\" class=\"wpcf7-form-control wpcf7-textarea wpcf7-validates-as-required\" aria-required=\"true\" aria-invalid=\"false\" placeholder=\"\u0130letiniz\" name=\"your-message\"><\/textarea><\/span><br \/>\n<input class=\"wpcf7-form-control wpcf7-submit has-spinner\" type=\"submit\" value=\"G\u00d6NDER\" \/>\n<\/p><div class=\"wpcf7-response-output\" aria-hidden=\"true\"><\/div>\n<\/form>\n<\/div>\n\n\n\n\t\t<\/div>\n\t\t\t\t\t<\/div>\n\n\t\n\n<\/div>\n\n","protected":false},"excerpt":{"rendered":"","protected":false},"author":1,"featured_media":0,"parent":0,"menu_order":0,"comment_status":"closed","ping_status":"closed","template":"page-blank.php","meta":{"footnotes":""},"class_list":["post-2","page","type-page","status-publish","hentry"],"_links":{"self":[{"href":"https:\/\/ceylanotolastikyolyardim.com.tr\/index.php\/wp-json\/wp\/v2\/pages\/2","targetHints":{"allow":["GET"]}}],"collection":[{"href":"https:\/\/ceylanotolastikyolyardim.com.tr\/index.php\/wp-json\/wp\/v2\/pages"}],"about":[{"href":"https:\/\/ceylanotolastikyolyardim.com.tr\/index.php\/wp-json\/wp\/v2\/types\/page"}],"author":[{"embeddable":true,"href":"https:\/\/ceylanotolastikyolyardim.com.tr\/index.php\/wp-json\/wp\/v2\/users\/1"}],"replies":[{"embeddable":true,"href":"https:\/\/ceylanotolastikyolyardim.com.tr\/index.php\/wp-json\/wp\/v2\/comments?post=2"}],"version-history":[{"count":8,"href":"https:\/\/ceylanotolastikyolyardim.com.tr\/index.php\/wp-json\/wp\/v2\/pages\/2\/revisions"}],"predecessor-version":[{"id":33,"href":"https:\/\/ceylanotolastikyolyardim.com.tr\/index.php\/wp-json\/wp\/v2\/pages\/2\/revisions\/33"}],"wp:attachment":[{"href":"https:\/\/ceylanotolastikyolyardim.com.tr\/index.php\/wp-json\/wp\/v2\/media?parent=2"}],"curies":[{"name":"wp","href":"https:\/\/api.w.org\/{rel}","templated":true}]}}